{"id":9584,"date":"2023-04-26T14:24:31","date_gmt":"2023-04-26T14:24:31","guid":{"rendered":"https:\/\/www.petfactory.ro\/brands\/mera\/pure-sensitive\/"},"modified":"2025-09-10T11:32:03","modified_gmt":"2025-09-10T11:32:03","slug":"pure-sensitive","status":"publish","type":"page","link":"https:\/\/www.petfactory.ro\/en\/brands\/mera\/pure-sensitive\/","title":{"rendered":"Pure Sensitive"},"content":{"rendered":"\t\t<div data-elementor-type=\"wp-page\" data-elementor-id=\"9584\" class=\"elementor elementor-9584 elementor-6076\">\n\t\t\t\t\t\t<section class=\"elementor-section elementor-top-section elementor-element elementor-element-20dab51 elementor-section-boxed elementor-section-height-default elementor-section-height-default\" data-id=\"20dab51\" data-element_type=\"section\">\n\t\t\t\t\t\t<div class=\"elementor-container elementor-column-gap-default\">\n\t\t\t\t\t<div class=\"elementor-column elementor-col-100 elementor-top-column elementor-element elementor-element-e3f1000\" data-id=\"e3f1000\" data-element_type=\"column\">\n\t\t\t<div class=\"elementor-widget-wrap elementor-element-populated\">\n\t\t\t\t\t\t<section class=\"elementor-section elementor-inner-section elementor-element elementor-element-f9a1de6 elementor-section-content-middle elementor-section-boxed elementor-section-height-default elementor-section-height-default\" data-id=\"f9a1de6\" data-element_type=\"section\">\n\t\t\t\t\t\t<div class=\"elementor-container elementor-column-gap-default\">\n\t\t\t\t\t<div class=\"elementor-column elementor-col-33 elementor-inner-column elementor-element elementor-element-12402e0\" data-id=\"12402e0\" data-element_type=\"column\">\n\t\t\t<div class=\"elementor-widget-wrap elementor-element-populated\">\n\t\t\t\t\t\t<div class=\"elementor-element elementor-element-0dcd6c1 elementor-widget elementor-widget-image\" data-id=\"0dcd6c1\" data-element_type=\"widget\" data-widget_type=\"image.default\">\n\t\t\t\t<div class=\"elementor-widget-container\">\n\t\t\t\t\t\t\t\t\t\t\t\t\t\t\t<img fetchpriority=\"high\" decoding=\"async\" width=\"750\" height=\"750\" src=\"https:\/\/www.petfactory.ro\/wp-content\/uploads\/2023\/04\/logo-pure-sensitive.png\" class=\"attachment-large size-large wp-image-9551\" alt=\"\" srcset=\"https:\/\/www.petfactory.ro\/wp-content\/uploads\/2023\/04\/logo-pure-sensitive.png 750w, https:\/\/www.petfactory.ro\/wp-content\/uploads\/2023\/04\/logo-pure-sensitive-300x300.png 300w, https:\/\/www.petfactory.ro\/wp-content\/uploads\/2023\/04\/logo-pure-sensitive-150x150.png 150w, https:\/\/www.petfactory.ro\/wp-content\/uploads\/2023\/04\/logo-pure-sensitive-370x370.png 370w, https:\/\/www.petfactory.ro\/wp-content\/uploads\/2023\/04\/logo-pure-sensitive-60x60.png 60w\" sizes=\"(max-width: 750px) 100vw, 750px\" \/>\t\t\t\t\t\t\t\t\t\t\t\t\t\t\t<\/div>\n\t\t\t\t<\/div>\n\t\t\t\t\t<\/div>\n\t\t<\/div>\n\t\t\t\t<div class=\"elementor-column elementor-col-66 elementor-inner-column elementor-element elementor-element-141cb0e\" data-id=\"141cb0e\" data-element_type=\"column\">\n\t\t\t<div class=\"elementor-widget-wrap elementor-element-populated\">\n\t\t\t\t\t\t<div class=\"elementor-element elementor-element-11c4a80 elementor-widget elementor-widget-heading\" data-id=\"11c4a80\" data-element_type=\"widget\" data-widget_type=\"heading.default\">\n\t\t\t\t<div class=\"elementor-widget-container\">\n\t\t\t\t\t<h2 class=\"elementor-heading-title elementor-size-default\">Pure as nature and focused on the essentials.<\/h2>\t\t\t\t<\/div>\n\t\t\t\t<\/div>\n\t\t\t\t<div class=\"elementor-element elementor-element-a9e123b elementor-widget elementor-widget-spacer\" data-id=\"a9e123b\" data-element_type=\"widget\" data-widget_type=\"spacer.default\">\n\t\t\t\t<div class=\"elementor-widget-container\">\n\t\t\t\t\t\t\t<div class=\"elementor-spacer\">\n\t\t\t<div class=\"elementor-spacer-inner\"><\/div>\n\t\t<\/div>\n\t\t\t\t\t\t<\/div>\n\t\t\t\t<\/div>\n\t\t\t\t<div class=\"elementor-element elementor-element-99d69ab elementor-widget elementor-widget-text-editor\" data-id=\"99d69ab\" data-element_type=\"widget\" data-widget_type=\"text-editor.default\">\n\t\t\t\t<div class=\"elementor-widget-container\">\n\t\t\t\t\t\t\t\t\t<p><strong>pure sensitive<\/strong> is a super premium dry food for sensitive and picky dogs of all sizes and ages. Grain-free recipes. Single source of meat (monoprotein). Single source of carbohydrates (rice or potatoes).   <\/p>\t\t\t\t\t\t\t\t<\/div>\n\t\t\t\t<\/div>\n\t\t\t\t\t<\/div>\n\t\t<\/div>\n\t\t\t\t\t<\/div>\n\t\t<\/section>\n\t\t\t\t<div class=\"elementor-element elementor-element-c4e7de1 elementor-widget elementor-widget-spacer\" data-id=\"c4e7de1\" data-element_type=\"widget\" data-widget_type=\"spacer.default\">\n\t\t\t\t<div class=\"elementor-widget-container\">\n\t\t\t\t\t\t\t<div class=\"elementor-spacer\">\n\t\t\t<div class=\"elementor-spacer-inner\"><\/div>\n\t\t<\/div>\n\t\t\t\t\t\t<\/div>\n\t\t\t\t<\/div>\n\t\t\t\t<div class=\"elementor-element elementor-element-63f4ced elementor-widget-divider--view-line elementor-widget elementor-widget-divider\" data-id=\"63f4ced\" data-element_type=\"widget\" data-widget_type=\"divider.default\">\n\t\t\t\t<div class=\"elementor-widget-container\">\n\t\t\t\t\t\t\t<div class=\"elementor-divider\">\n\t\t\t<span class=\"elementor-divider-separator\">\n\t\t\t\t\t\t<\/span>\n\t\t<\/div>\n\t\t\t\t\t\t<\/div>\n\t\t\t\t<\/div>\n\t\t\t\t\t<\/div>\n\t\t<\/div>\n\t\t\t\t\t<\/div>\n\t\t<\/section>\n\t\t\t\t<section class=\"elementor-section elementor-top-section elementor-element elementor-element-778041b elementor-section-boxed elementor-section-height-default elementor-section-height-default\" data-id=\"778041b\" data-element_type=\"section\">\n\t\t\t\t\t\t<div class=\"elementor-container elementor-column-gap-default\">\n\t\t\t\t\t<div class=\"elementor-column elementor-col-100 elementor-top-column elementor-element elementor-element-26a5ba6\" data-id=\"26a5ba6\" data-element_type=\"column\">\n\t\t\t<div class=\"elementor-widget-wrap elementor-element-populated\">\n\t\t\t\t\t\t<div class=\"elementor-element elementor-element-9b30773 elementor-widget elementor-widget-spacer\" data-id=\"9b30773\" data-element_type=\"widget\" data-widget_type=\"spacer.default\">\n\t\t\t\t<div class=\"elementor-widget-container\">\n\t\t\t\t\t\t\t<div class=\"elementor-spacer\">\n\t\t\t<div class=\"elementor-spacer-inner\"><\/div>\n\t\t<\/div>\n\t\t\t\t\t\t<\/div>\n\t\t\t\t<\/div>\n\t\t\t\t<div class=\"elementor-element elementor-element-cd55dcd elementor-widget elementor-widget-heading\" data-id=\"cd55dcd\" data-element_type=\"widget\" data-widget_type=\"heading.default\">\n\t\t\t\t<div class=\"elementor-widget-container\">\n\t\t\t\t\t<h2 class=\"elementor-heading-title elementor-size-default\">The purity of nature for sensitive dogs<\/h2>\t\t\t\t<\/div>\n\t\t\t\t<\/div>\n\t\t\t\t<div class=\"elementor-element elementor-element-28a005e elementor-widget elementor-widget-spacer\" data-id=\"28a005e\" data-element_type=\"widget\" data-widget_type=\"spacer.default\">\n\t\t\t\t<div class=\"elementor-widget-container\">\n\t\t\t\t\t\t\t<div class=\"elementor-spacer\">\n\t\t\t<div class=\"elementor-spacer-inner\"><\/div>\n\t\t<\/div>\n\t\t\t\t\t\t<\/div>\n\t\t\t\t<\/div>\n\t\t\t\t<section class=\"elementor-section elementor-inner-section elementor-element elementor-element-2fa1a41 elementor-section-boxed elementor-section-height-default elementor-section-height-default\" data-id=\"2fa1a41\" data-element_type=\"section\">\n\t\t\t\t\t\t<div class=\"elementor-container elementor-column-gap-default\">\n\t\t\t\t\t<div class=\"elementor-column elementor-col-100 elementor-inner-column elementor-element elementor-element-58d8b24\" data-id=\"58d8b24\" data-element_type=\"column\">\n\t\t\t<div class=\"elementor-widget-wrap elementor-element-populated\">\n\t\t\t\t\t\t<div class=\"elementor-element elementor-element-2930a2a align-center icon-default elementor-widget elementor-widget-mae-text-box\" data-id=\"2930a2a\" data-element_type=\"widget\" data-widget_type=\"mae-text-box.default\">\n\t\t\t\t<div class=\"elementor-widget-container\">\n\t\t\t\t\t\n\t\t<div class=\"master-text-box\">\n\t\t\t<h3 class=\"title\">\n\t\t\t\t\t\t\t\t\t<span class=\"icon-wrap\">\n\t\t\t\t        <i aria-hidden=\"true\" class=\"ci-tick\"><\/i>\t\t\t        <\/span> \n\t\t\t\t\n\t\t\t\tpure sensitive cu carne proasp\u0103t\u0103\t\t\t<\/h3>\n\t        \n\t        <div class=\"text\">este o hran\u0103 uscat\u0103 super premium pentru c\u00e2ini sensibili \u0219i mofturo\u0219i de orice talie \u0219i v\u00e2rst\u0103, f\u0103r\u0103 cereale, cu o singur\u0103 surs\u0103 de proteine (curcan, vit\u0103 \u0219i somon) \u0219i o singur\u0103 surs\u0103 de carbohidra\u021bi (cartof).<\/div>\t    <\/div>\n\n\t    \t\t\t\t<\/div>\n\t\t\t\t<\/div>\n\t\t\t\t<div class=\"elementor-element elementor-element-c339a9e elementor-widget elementor-widget-spacer\" data-id=\"c339a9e\" data-element_type=\"widget\" data-widget_type=\"spacer.default\">\n\t\t\t\t<div class=\"elementor-widget-container\">\n\t\t\t\t\t\t\t<div class=\"elementor-spacer\">\n\t\t\t<div class=\"elementor-spacer-inner\"><\/div>\n\t\t<\/div>\n\t\t\t\t\t\t<\/div>\n\t\t\t\t<\/div>\n\t\t\t\t<div class=\"elementor-element elementor-element-c1a4aa8 elementor-widget elementor-widget-image\" data-id=\"c1a4aa8\" data-element_type=\"widget\" data-widget_type=\"image.default\">\n\t\t\t\t<div class=\"elementor-widget-container\">\n\t\t\t\t\t\t\t\t\t\t\t\t\t\t\t<img decoding=\"async\" width=\"1024\" height=\"256\" src=\"https:\/\/www.petfactory.ro\/wp-content\/uploads\/2023\/04\/produse-pure-fresh-1024x256.jpg\" class=\"attachment-large size-large wp-image-9552\" alt=\"\" srcset=\"https:\/\/www.petfactory.ro\/wp-content\/uploads\/2023\/04\/produse-pure-fresh-1024x256.jpg 1024w, https:\/\/www.petfactory.ro\/wp-content\/uploads\/2023\/04\/produse-pure-fresh-300x75.jpg 300w, https:\/\/www.petfactory.ro\/wp-content\/uploads\/2023\/04\/produse-pure-fresh-768x192.jpg 768w, https:\/\/www.petfactory.ro\/wp-content\/uploads\/2023\/04\/produse-pure-fresh-1536x384.jpg 1536w, https:\/\/www.petfactory.ro\/wp-content\/uploads\/2023\/04\/produse-pure-fresh.jpg 2000w\" sizes=\"(max-width: 1024px) 100vw, 1024px\" \/>\t\t\t\t\t\t\t\t\t\t\t\t\t\t\t<\/div>\n\t\t\t\t<\/div>\n\t\t\t\t<div class=\"elementor-element elementor-element-07c8d4a elementor-widget elementor-widget-spacer\" data-id=\"07c8d4a\" data-element_type=\"widget\" data-widget_type=\"spacer.default\">\n\t\t\t\t<div class=\"elementor-widget-container\">\n\t\t\t\t\t\t\t<div class=\"elementor-spacer\">\n\t\t\t<div class=\"elementor-spacer-inner\"><\/div>\n\t\t<\/div>\n\t\t\t\t\t\t<\/div>\n\t\t\t\t<\/div>\n\t\t\t\t<div class=\"elementor-element elementor-element-f2e1a23 align-center icon-default elementor-widget elementor-widget-mae-text-box\" data-id=\"f2e1a23\" data-element_type=\"widget\" data-widget_type=\"mae-text-box.default\">\n\t\t\t\t<div class=\"elementor-widget-container\">\n\t\t\t\t\t\n\t\t<div class=\"master-text-box\">\n\t\t\t<h3 class=\"title\">\n\t\t\t\t\t\t\t\t\t<span class=\"icon-wrap\">\n\t\t\t\t        <i aria-hidden=\"true\" class=\"ci-tick\"><\/i>\t\t\t        <\/span> \n\t\t\t\t\n\t\t\t\tpure sensitive cu orez\t\t\t<\/h3>\n\t        \n\t        <div class=\"text\">este o hran\u0103 uscat\u0103 super premium pentru c\u00e2ini sensibili \u0219i mofturo\u0219i de orice talie \u0219i v\u00e2rst\u0103, cu o singur\u0103 surs\u0103 de proteine (curcan, miel \u0219i pui) \u0219i o singur\u0103 surs\u0103 de carbohidra\u021bi (orez).<\/div>\t    <\/div>\n\n\t    \t\t\t\t<\/div>\n\t\t\t\t<\/div>\n\t\t\t\t<div class=\"elementor-element elementor-element-55d90ba elementor-widget elementor-widget-spacer\" data-id=\"55d90ba\" data-element_type=\"widget\" data-widget_type=\"spacer.default\">\n\t\t\t\t<div class=\"elementor-widget-container\">\n\t\t\t\t\t\t\t<div class=\"elementor-spacer\">\n\t\t\t<div class=\"elementor-spacer-inner\"><\/div>\n\t\t<\/div>\n\t\t\t\t\t\t<\/div>\n\t\t\t\t<\/div>\n\t\t\t\t<div class=\"elementor-element elementor-element-c563412 elementor-widget elementor-widget-image\" data-id=\"c563412\" data-element_type=\"widget\" data-widget_type=\"image.default\">\n\t\t\t\t<div class=\"elementor-widget-container\">\n\t\t\t\t\t\t\t\t\t\t\t\t\t\t\t<img decoding=\"async\" width=\"1024\" height=\"256\" src=\"https:\/\/www.petfactory.ro\/wp-content\/uploads\/2023\/04\/produse-pure-sen-1024x256.jpg\" class=\"attachment-large size-large wp-image-9553\" alt=\"\" srcset=\"https:\/\/www.petfactory.ro\/wp-content\/uploads\/2023\/04\/produse-pure-sen-1024x256.jpg 1024w, https:\/\/www.petfactory.ro\/wp-content\/uploads\/2023\/04\/produse-pure-sen-300x75.jpg 300w, https:\/\/www.petfactory.ro\/wp-content\/uploads\/2023\/04\/produse-pure-sen-768x192.jpg 768w, https:\/\/www.petfactory.ro\/wp-content\/uploads\/2023\/04\/produse-pure-sen-1536x384.jpg 1536w, https:\/\/www.petfactory.ro\/wp-content\/uploads\/2023\/04\/produse-pure-sen.jpg 2000w\" sizes=\"(max-width: 1024px) 100vw, 1024px\" \/>\t\t\t\t\t\t\t\t\t\t\t\t\t\t\t<\/div>\n\t\t\t\t<\/div>\n\t\t\t\t<div class=\"elementor-element elementor-element-9b21558 elementor-widget elementor-widget-spacer\" data-id=\"9b21558\" data-element_type=\"widget\" data-widget_type=\"spacer.default\">\n\t\t\t\t<div class=\"elementor-widget-container\">\n\t\t\t\t\t\t\t<div class=\"elementor-spacer\">\n\t\t\t<div class=\"elementor-spacer-inner\"><\/div>\n\t\t<\/div>\n\t\t\t\t\t\t<\/div>\n\t\t\t\t<\/div>\n\t\t\t\t<div class=\"elementor-element elementor-element-0f8e24b align-center icon-default elementor-widget elementor-widget-mae-text-box\" data-id=\"0f8e24b\" data-element_type=\"widget\" data-widget_type=\"mae-text-box.default\">\n\t\t\t\t<div class=\"elementor-widget-container\">\n\t\t\t\t\t\n\t\t<div class=\"master-text-box\">\n\t\t\t<h3 class=\"title\">\n\t\t\t\t\t\t\t\t\t<span class=\"icon-wrap\">\n\t\t\t\t        <i aria-hidden=\"true\" class=\"ci-tick\"><\/i>\t\t\t        <\/span> \n\t\t\t\t\n\t\t\t\tpure sensitive cu protein\u0103 din insecte\t\t\t<\/h3>\n\t        \n\t        <div class=\"text\">este o hran\u0103 uscat\u0103 super premium pentru c\u00e2ini sensibili \u0219i mofturo\u0219i de orice talie \u0219i v\u00e2rst\u0103, cu intoleran\u021b\u0103 la sursele obisnuite de protein\u0103 animal\u0103 sau afecta\u021bi de alte probleme nutritive.<\/div>\t    <\/div>\n\n\t    \t\t\t\t<\/div>\n\t\t\t\t<\/div>\n\t\t\t\t<div class=\"elementor-element elementor-element-af3c238 elementor-widget elementor-widget-spacer\" data-id=\"af3c238\" data-element_type=\"widget\" data-widget_type=\"spacer.default\">\n\t\t\t\t<div class=\"elementor-widget-container\">\n\t\t\t\t\t\t\t<div class=\"elementor-spacer\">\n\t\t\t<div class=\"elementor-spacer-inner\"><\/div>\n\t\t<\/div>\n\t\t\t\t\t\t<\/div>\n\t\t\t\t<\/div>\n\t\t\t\t<div class=\"elementor-element elementor-element-ff99b90 elementor-widget elementor-widget-image\" data-id=\"ff99b90\" data-element_type=\"widget\" data-widget_type=\"image.default\">\n\t\t\t\t<div class=\"elementor-widget-container\">\n\t\t\t\t\t\t\t\t\t\t\t\t\t\t\t<img loading=\"lazy\" decoding=\"async\" width=\"1024\" height=\"256\" src=\"https:\/\/www.petfactory.ro\/wp-content\/uploads\/2023\/04\/produse-pure-insect-1024x256.jpg\" class=\"attachment-large size-large wp-image-9554\" alt=\"\" srcset=\"https:\/\/www.petfactory.ro\/wp-content\/uploads\/2023\/04\/produse-pure-insect-1024x256.jpg 1024w, https:\/\/www.petfactory.ro\/wp-content\/uploads\/2023\/04\/produse-pure-insect-300x75.jpg 300w, https:\/\/www.petfactory.ro\/wp-content\/uploads\/2023\/04\/produse-pure-insect-768x192.jpg 768w, https:\/\/www.petfactory.ro\/wp-content\/uploads\/2023\/04\/produse-pure-insect-1536x384.jpg 1536w, https:\/\/www.petfactory.ro\/wp-content\/uploads\/2023\/04\/produse-pure-insect.jpg 2000w\" sizes=\"(max-width: 1024px) 100vw, 1024px\" \/>\t\t\t\t\t\t\t\t\t\t\t\t\t\t\t<\/div>\n\t\t\t\t<\/div>\n\t\t\t\t<div class=\"elementor-element elementor-element-7a831ea elementor-widget elementor-widget-spacer\" data-id=\"7a831ea\" data-element_type=\"widget\" data-widget_type=\"spacer.default\">\n\t\t\t\t<div class=\"elementor-widget-container\">\n\t\t\t\t\t\t\t<div class=\"elementor-spacer\">\n\t\t\t<div class=\"elementor-spacer-inner\"><\/div>\n\t\t<\/div>\n\t\t\t\t\t\t<\/div>\n\t\t\t\t<\/div>\n\t\t\t\t\t<\/div>\n\t\t<\/div>\n\t\t\t\t\t<\/div>\n\t\t<\/section>\n\t\t\t\t\t<\/div>\n\t\t<\/div>\n\t\t\t\t\t<\/div>\n\t\t<\/section>\n\t\t\t\t<\/div>\n\t\t","protected":false},"excerpt":{"rendered":"<p>Pure as nature and focused on the essentials. pure sensitive is a super premium dry food for sensitive and picky dogs of all sizes and ages. Grain-free recipes. Single source of meat (monoprotein). Single source of carbohydrates (rice or potatoes). The purity of nature for sensitive dogs pure sensitive cu<\/p>\n","protected":false},"author":1,"featured_media":0,"parent":9359,"menu_order":0,"comment_status":"closed","ping_status":"closed","template":"","meta":{"inline_featured_image":false,"footnotes":""},"class_list":["post-9584","page","type-page","status-publish","hentry"],"_links":{"self":[{"href":"https:\/\/www.petfactory.ro\/en\/wp-json\/wp\/v2\/pages\/9584","targetHints":{"allow":["GET"]}}],"collection":[{"href":"https:\/\/www.petfactory.ro\/en\/wp-json\/wp\/v2\/pages"}],"about":[{"href":"https:\/\/www.petfactory.ro\/en\/wp-json\/wp\/v2\/types\/page"}],"author":[{"embeddable":true,"href":"https:\/\/www.petfactory.ro\/en\/wp-json\/wp\/v2\/users\/1"}],"replies":[{"embeddable":true,"href":"https:\/\/www.petfactory.ro\/en\/wp-json\/wp\/v2\/comments?post=9584"}],"version-history":[{"count":1,"href":"https:\/\/www.petfactory.ro\/en\/wp-json\/wp\/v2\/pages\/9584\/revisions"}],"predecessor-version":[{"id":9585,"href":"https:\/\/www.petfactory.ro\/en\/wp-json\/wp\/v2\/pages\/9584\/revisions\/9585"}],"up":[{"embeddable":true,"href":"https:\/\/www.petfactory.ro\/en\/wp-json\/wp\/v2\/pages\/9359"}],"wp:attachment":[{"href":"https:\/\/www.petfactory.ro\/en\/wp-json\/wp\/v2\/media?parent=9584"}],"curies":[{"name":"wp","href":"https:\/\/api.w.org\/{rel}","templated":true}]}}