{"id":9572,"date":"2023-04-28T08:10:40","date_gmt":"2023-04-28T08:10:40","guid":{"rendered":"https:\/\/www.petfactory.ro\/brands\/farmina\/n\/"},"modified":"2025-09-10T11:31:52","modified_gmt":"2025-09-10T11:31:52","slug":"n","status":"publish","type":"page","link":"https:\/\/www.petfactory.ro\/en\/brands\/farmina\/n\/","title":{"rendered":"N"},"content":{"rendered":"\t\t<div data-elementor-type=\"wp-page\" data-elementor-id=\"9572\" class=\"elementor elementor-9572 elementor-6460\">\n\t\t\t\t\t\t<section class=\"elementor-section elementor-top-section elementor-element elementor-element-dcb0266 elementor-section-boxed elementor-section-height-default elementor-section-height-default\" data-id=\"dcb0266\" data-element_type=\"section\">\n\t\t\t\t\t\t<div class=\"elementor-container elementor-column-gap-default\">\n\t\t\t\t\t<div class=\"elementor-column elementor-col-100 elementor-top-column elementor-element elementor-element-c26f87e\" data-id=\"c26f87e\" data-element_type=\"column\">\n\t\t\t<div class=\"elementor-widget-wrap elementor-element-populated\">\n\t\t\t\t\t\t<section class=\"elementor-section elementor-inner-section elementor-element elementor-element-2c9769c elementor-section-content-middle elementor-section-boxed elementor-section-height-default elementor-section-height-default\" data-id=\"2c9769c\" data-element_type=\"section\">\n\t\t\t\t\t\t<div class=\"elementor-container elementor-column-gap-default\">\n\t\t\t\t\t<div class=\"elementor-column elementor-col-33 elementor-inner-column elementor-element elementor-element-560d492\" data-id=\"560d492\" data-element_type=\"column\">\n\t\t\t<div class=\"elementor-widget-wrap elementor-element-populated\">\n\t\t\t\t\t\t<div class=\"elementor-element elementor-element-108a06a elementor-widget elementor-widget-image\" data-id=\"108a06a\" data-element_type=\"widget\" data-widget_type=\"image.default\">\n\t\t\t\t<div class=\"elementor-widget-container\">\n\t\t\t\t\t\t\t\t\t\t\t\t\t\t\t<img fetchpriority=\"high\" decoding=\"async\" width=\"750\" height=\"750\" src=\"https:\/\/www.petfactory.ro\/wp-content\/uploads\/2023\/04\/logo-nd.png\" class=\"attachment-large size-large wp-image-9573\" alt=\"\" srcset=\"https:\/\/www.petfactory.ro\/wp-content\/uploads\/2023\/04\/logo-nd.png 750w, https:\/\/www.petfactory.ro\/wp-content\/uploads\/2023\/04\/logo-nd-300x300.png 300w, https:\/\/www.petfactory.ro\/wp-content\/uploads\/2023\/04\/logo-nd-150x150.png 150w, https:\/\/www.petfactory.ro\/wp-content\/uploads\/2023\/04\/logo-nd-370x370.png 370w, https:\/\/www.petfactory.ro\/wp-content\/uploads\/2023\/04\/logo-nd-60x60.png 60w\" sizes=\"(max-width: 750px) 100vw, 750px\" \/>\t\t\t\t\t\t\t\t\t\t\t\t\t\t\t<\/div>\n\t\t\t\t<\/div>\n\t\t\t\t\t<\/div>\n\t\t<\/div>\n\t\t\t\t<div class=\"elementor-column elementor-col-66 elementor-inner-column elementor-element elementor-element-421b492\" data-id=\"421b492\" data-element_type=\"column\">\n\t\t\t<div class=\"elementor-widget-wrap elementor-element-populated\">\n\t\t\t\t\t\t<div class=\"elementor-element elementor-element-5a7a0b4 elementor-widget elementor-widget-heading\" data-id=\"5a7a0b4\" data-element_type=\"widget\" data-widget_type=\"heading.default\">\n\t\t\t\t<div class=\"elementor-widget-container\">\n\t\t\t\t\t<h2 class=\"elementor-heading-title elementor-size-default\">Scientifically formulated, in harmony with nature.<\/h2>\t\t\t\t<\/div>\n\t\t\t\t<\/div>\n\t\t\t\t<div class=\"elementor-element elementor-element-91aaa57 elementor-widget elementor-widget-spacer\" data-id=\"91aaa57\" data-element_type=\"widget\" data-widget_type=\"spacer.default\">\n\t\t\t\t<div class=\"elementor-widget-container\">\n\t\t\t\t\t\t\t<div class=\"elementor-spacer\">\n\t\t\t<div class=\"elementor-spacer-inner\"><\/div>\n\t\t<\/div>\n\t\t\t\t\t\t<\/div>\n\t\t\t\t<\/div>\n\t\t\t\t<div class=\"elementor-element elementor-element-cfb2447 elementor-widget elementor-widget-text-editor\" data-id=\"cfb2447\" data-element_type=\"widget\" data-widget_type=\"text-editor.default\">\n\t\t\t\t<div class=\"elementor-widget-container\">\n\t\t\t\t\t\t\t\t\t<p>Years of scientific research, in collaboration with the Department of Nutrition of the Federico II University of Naples, have led <strong>Farmina<\/strong> to create a nutrition system perfectly adapted to pets: <strong>Natural  Delicious<\/strong>.<\/p>\t\t\t\t\t\t\t\t<\/div>\n\t\t\t\t<\/div>\n\t\t\t\t\t<\/div>\n\t\t<\/div>\n\t\t\t\t\t<\/div>\n\t\t<\/section>\n\t\t\t\t<div class=\"elementor-element elementor-element-6400dec elementor-widget elementor-widget-spacer\" data-id=\"6400dec\" data-element_type=\"widget\" data-widget_type=\"spacer.default\">\n\t\t\t\t<div class=\"elementor-widget-container\">\n\t\t\t\t\t\t\t<div class=\"elementor-spacer\">\n\t\t\t<div class=\"elementor-spacer-inner\"><\/div>\n\t\t<\/div>\n\t\t\t\t\t\t<\/div>\n\t\t\t\t<\/div>\n\t\t\t\t<div class=\"elementor-element elementor-element-6aeed06 elementor-widget-divider--view-line elementor-widget elementor-widget-divider\" data-id=\"6aeed06\" data-element_type=\"widget\" data-widget_type=\"divider.default\">\n\t\t\t\t<div class=\"elementor-widget-container\">\n\t\t\t\t\t\t\t<div class=\"elementor-divider\">\n\t\t\t<span class=\"elementor-divider-separator\">\n\t\t\t\t\t\t<\/span>\n\t\t<\/div>\n\t\t\t\t\t\t<\/div>\n\t\t\t\t<\/div>\n\t\t\t\t\t<\/div>\n\t\t<\/div>\n\t\t\t\t\t<\/div>\n\t\t<\/section>\n\t\t\t\t<section class=\"elementor-section elementor-top-section elementor-element elementor-element-e393c8b elementor-section-boxed elementor-section-height-default elementor-section-height-default\" data-id=\"e393c8b\" data-element_type=\"section\">\n\t\t\t\t\t\t<div class=\"elementor-container elementor-column-gap-default\">\n\t\t\t\t\t<div class=\"elementor-column elementor-col-100 elementor-top-column elementor-element elementor-element-88168a1\" data-id=\"88168a1\" data-element_type=\"column\">\n\t\t\t<div class=\"elementor-widget-wrap elementor-element-populated\">\n\t\t\t\t\t\t<div class=\"elementor-element elementor-element-4691178 elementor-widget elementor-widget-spacer\" data-id=\"4691178\" data-element_type=\"widget\" data-widget_type=\"spacer.default\">\n\t\t\t\t<div class=\"elementor-widget-container\">\n\t\t\t\t\t\t\t<div class=\"elementor-spacer\">\n\t\t\t<div class=\"elementor-spacer-inner\"><\/div>\n\t\t<\/div>\n\t\t\t\t\t\t<\/div>\n\t\t\t\t<\/div>\n\t\t\t\t<div class=\"elementor-element elementor-element-c712909 elementor-widget elementor-widget-heading\" data-id=\"c712909\" data-element_type=\"widget\" data-widget_type=\"heading.default\">\n\t\t\t\t<div class=\"elementor-widget-container\">\n\t\t\t\t\t<h2 class=\"elementor-heading-title elementor-size-default\">Main feature - low glycemic index<\/h2>\t\t\t\t<\/div>\n\t\t\t\t<\/div>\n\t\t\t\t<div class=\"elementor-element elementor-element-3c0142c elementor-widget elementor-widget-spacer\" data-id=\"3c0142c\" data-element_type=\"widget\" data-widget_type=\"spacer.default\">\n\t\t\t\t<div class=\"elementor-widget-container\">\n\t\t\t\t\t\t\t<div class=\"elementor-spacer\">\n\t\t\t<div class=\"elementor-spacer-inner\"><\/div>\n\t\t<\/div>\n\t\t\t\t\t\t<\/div>\n\t\t\t\t<\/div>\n\t\t\t\t<section class=\"elementor-section elementor-inner-section elementor-element elementor-element-af76be4 elementor-section-boxed elementor-section-height-default elementor-section-height-default\" data-id=\"af76be4\" data-element_type=\"section\">\n\t\t\t\t\t\t<div class=\"elementor-container elementor-column-gap-default\">\n\t\t\t\t\t<div class=\"elementor-column elementor-col-100 elementor-inner-column elementor-element elementor-element-9076c49\" data-id=\"9076c49\" data-element_type=\"column\">\n\t\t\t<div class=\"elementor-widget-wrap elementor-element-populated\">\n\t\t\t\t\t\t<div class=\"elementor-element elementor-element-fd2e0be align-center icon-default elementor-widget elementor-widget-mae-text-box\" data-id=\"fd2e0be\" data-element_type=\"widget\" data-widget_type=\"mae-text-box.default\">\n\t\t\t\t<div class=\"elementor-widget-container\">\n\t\t\t\t\t\n\t\t<div class=\"master-text-box\">\n\t\t\t<h3 class=\"title\">\n\t\t\t\t\t\t\t\t\t<span class=\"icon-wrap\">\n\t\t\t\t        <i aria-hidden=\"true\" class=\"ci-tick\"><\/i>\t\t\t        <\/span> \n\t\t\t\t\n\t\t\t\tN&D Prime - hran\u0103 hyper premium f\u0103r\u0103 cereale\t\t\t<\/h3>\n\t        \n\t        <div class=\"text\">Doar antioxidan\u021bi naturali, extracte bogate \u00een tocoferoli, ce permit conservarea natural\u0103 a produsului. F\u0103r\u0103 OMG (Organisme Modificate Genetic). F\u0103r\u0103 gluten. P\u0103strare \u00een atmosfer\u0103 controlat\u0103. \u00cen timpul ambal\u0103rii, este utilizat azot ca \u00eenlocuitor al oxigenului, pentru o conservare natural\u0103 a produsului. Bogat \u00een vitamine, ad\u0103ugate prin infuzie \u201crece\u201d, cu eficien\u021b\u0103 de lung\u0103 durat\u0103.<\/div>\t    <\/div>\n\n\t    \t\t\t\t<\/div>\n\t\t\t\t<\/div>\n\t\t\t\t<div class=\"elementor-element elementor-element-2912a30 elementor-widget elementor-widget-spacer\" data-id=\"2912a30\" data-element_type=\"widget\" data-widget_type=\"spacer.default\">\n\t\t\t\t<div class=\"elementor-widget-container\">\n\t\t\t\t\t\t\t<div class=\"elementor-spacer\">\n\t\t\t<div class=\"elementor-spacer-inner\"><\/div>\n\t\t<\/div>\n\t\t\t\t\t\t<\/div>\n\t\t\t\t<\/div>\n\t\t\t\t<div class=\"elementor-element elementor-element-1a86922 elementor-widget elementor-widget-image\" data-id=\"1a86922\" data-element_type=\"widget\" data-widget_type=\"image.default\">\n\t\t\t\t<div class=\"elementor-widget-container\">\n\t\t\t\t\t\t\t\t\t\t\t\t\t\t\t<img decoding=\"async\" width=\"1024\" height=\"256\" src=\"https:\/\/www.petfactory.ro\/wp-content\/uploads\/2023\/04\/produse-ND-prime-1024x256.jpg\" class=\"attachment-large size-large wp-image-9441\" alt=\"\" srcset=\"https:\/\/www.petfactory.ro\/wp-content\/uploads\/2023\/04\/produse-ND-prime-1024x256.jpg 1024w, https:\/\/www.petfactory.ro\/wp-content\/uploads\/2023\/04\/produse-ND-prime-300x75.jpg 300w, https:\/\/www.petfactory.ro\/wp-content\/uploads\/2023\/04\/produse-ND-prime-768x192.jpg 768w, https:\/\/www.petfactory.ro\/wp-content\/uploads\/2023\/04\/produse-ND-prime-1536x384.jpg 1536w, https:\/\/www.petfactory.ro\/wp-content\/uploads\/2023\/04\/produse-ND-prime.jpg 2000w\" sizes=\"(max-width: 1024px) 100vw, 1024px\" \/>\t\t\t\t\t\t\t\t\t\t\t\t\t\t\t<\/div>\n\t\t\t\t<\/div>\n\t\t\t\t<div class=\"elementor-element elementor-element-6c71138 elementor-widget elementor-widget-spacer\" data-id=\"6c71138\" data-element_type=\"widget\" data-widget_type=\"spacer.default\">\n\t\t\t\t<div class=\"elementor-widget-container\">\n\t\t\t\t\t\t\t<div class=\"elementor-spacer\">\n\t\t\t<div class=\"elementor-spacer-inner\"><\/div>\n\t\t<\/div>\n\t\t\t\t\t\t<\/div>\n\t\t\t\t<\/div>\n\t\t\t\t<div class=\"elementor-element elementor-element-5d5da43 align-center icon-default elementor-widget elementor-widget-mae-text-box\" data-id=\"5d5da43\" data-element_type=\"widget\" data-widget_type=\"mae-text-box.default\">\n\t\t\t\t<div class=\"elementor-widget-container\">\n\t\t\t\t\t\n\t\t<div class=\"master-text-box\">\n\t\t\t<h3 class=\"title\">\n\t\t\t\t\t\t\t\t\t<span class=\"icon-wrap\">\n\t\t\t\t        <i aria-hidden=\"true\" class=\"ci-tick\"><\/i>\t\t\t        <\/span> \n\t\t\t\t\n\t\t\t\tN&D Pumpkin - hran\u0103 hyper premium cu dovleac\t\t\t<\/h3>\n\t        \n\t        <div class=\"text\">Con\u021binut de 96% protein\u0103 animal\u0103 \u0219i dovleac, o legum\u0103 cu caracteristici excep\u021bionale. Bogat \u00een Beta-caroten \u0219i al\u021bi antioxidan\u021bi naturali. Sus\u021bine sistemul imunitar. Activ \u00eempotriva radicalilor liberi. Protejeaz\u0103 sistemul cardiovascular. Regleaz\u0103 motilitatea intestinal\u0103.\n<\/div>\t    <\/div>\n\n\t    \t\t\t\t<\/div>\n\t\t\t\t<\/div>\n\t\t\t\t<div class=\"elementor-element elementor-element-249c7f0 elementor-widget elementor-widget-spacer\" data-id=\"249c7f0\" data-element_type=\"widget\" data-widget_type=\"spacer.default\">\n\t\t\t\t<div class=\"elementor-widget-container\">\n\t\t\t\t\t\t\t<div class=\"elementor-spacer\">\n\t\t\t<div class=\"elementor-spacer-inner\"><\/div>\n\t\t<\/div>\n\t\t\t\t\t\t<\/div>\n\t\t\t\t<\/div>\n\t\t\t\t<div class=\"elementor-element elementor-element-e76159d elementor-widget elementor-widget-image\" data-id=\"e76159d\" data-element_type=\"widget\" data-widget_type=\"image.default\">\n\t\t\t\t<div class=\"elementor-widget-container\">\n\t\t\t\t\t\t\t\t\t\t\t\t\t\t\t<img decoding=\"async\" width=\"1024\" height=\"256\" src=\"https:\/\/www.petfactory.ro\/wp-content\/uploads\/2023\/04\/produse-ND-pumpkin-1024x256.jpg\" class=\"attachment-large size-large wp-image-9442\" alt=\"\" srcset=\"https:\/\/www.petfactory.ro\/wp-content\/uploads\/2023\/04\/produse-ND-pumpkin-1024x256.jpg 1024w, https:\/\/www.petfactory.ro\/wp-content\/uploads\/2023\/04\/produse-ND-pumpkin-300x75.jpg 300w, https:\/\/www.petfactory.ro\/wp-content\/uploads\/2023\/04\/produse-ND-pumpkin-768x192.jpg 768w, https:\/\/www.petfactory.ro\/wp-content\/uploads\/2023\/04\/produse-ND-pumpkin-1536x384.jpg 1536w, https:\/\/www.petfactory.ro\/wp-content\/uploads\/2023\/04\/produse-ND-pumpkin.jpg 2000w\" sizes=\"(max-width: 1024px) 100vw, 1024px\" \/>\t\t\t\t\t\t\t\t\t\t\t\t\t\t\t<\/div>\n\t\t\t\t<\/div>\n\t\t\t\t<div class=\"elementor-element elementor-element-4bc1b69 elementor-widget elementor-widget-spacer\" data-id=\"4bc1b69\" data-element_type=\"widget\" data-widget_type=\"spacer.default\">\n\t\t\t\t<div class=\"elementor-widget-container\">\n\t\t\t\t\t\t\t<div class=\"elementor-spacer\">\n\t\t\t<div class=\"elementor-spacer-inner\"><\/div>\n\t\t<\/div>\n\t\t\t\t\t\t<\/div>\n\t\t\t\t<\/div>\n\t\t\t\t<div class=\"elementor-element elementor-element-09fd075 align-center icon-default elementor-widget elementor-widget-mae-text-box\" data-id=\"09fd075\" data-element_type=\"widget\" data-widget_type=\"mae-text-box.default\">\n\t\t\t\t<div class=\"elementor-widget-container\">\n\t\t\t\t\t\n\t\t<div class=\"master-text-box\">\n\t\t\t<h3 class=\"title\">\n\t\t\t\t\t\t\t\t\t<span class=\"icon-wrap\">\n\t\t\t\t        <i aria-hidden=\"true\" class=\"ci-tick\"><\/i>\t\t\t        <\/span> \n\t\t\t\t\n\t\t\t\tN&D Quinoa - hran\u0103 hyper premium cu quinoa\t\t\t<\/h3>\n\t        \n\t        <div class=\"text\">Regleaz\u0103 digestia, absorb\u021bia nutrien\u021bilor \u0219i s\u0103n\u0103tatea intestinal\u0103. Reprezint\u0103 o surs\u0103 echilibrat\u0103 de aminoacizi esen\u021biali valoro\u0219i, minerale \u0219i antioxidan\u021bi naturali. Indice glicemic redus. F\u0103r\u0103 gluten. Mult mai bogat \u00een nutrien\u021bi dec\u00e2t cerealele. Provine din agricultur\u0103 organic\u0103 din Italia. De ajutor \u00een prevenirea problemelor cardiovasculare.<\/div>\t    <\/div>\n\n\t    \t\t\t\t<\/div>\n\t\t\t\t<\/div>\n\t\t\t\t<div class=\"elementor-element elementor-element-8842318 elementor-widget elementor-widget-spacer\" data-id=\"8842318\" data-element_type=\"widget\" data-widget_type=\"spacer.default\">\n\t\t\t\t<div class=\"elementor-widget-container\">\n\t\t\t\t\t\t\t<div class=\"elementor-spacer\">\n\t\t\t<div class=\"elementor-spacer-inner\"><\/div>\n\t\t<\/div>\n\t\t\t\t\t\t<\/div>\n\t\t\t\t<\/div>\n\t\t\t\t<div class=\"elementor-element elementor-element-e3a2f08 elementor-widget elementor-widget-image\" data-id=\"e3a2f08\" data-element_type=\"widget\" data-widget_type=\"image.default\">\n\t\t\t\t<div class=\"elementor-widget-container\">\n\t\t\t\t\t\t\t\t\t\t\t\t\t\t\t<img loading=\"lazy\" decoding=\"async\" width=\"1024\" height=\"256\" src=\"https:\/\/www.petfactory.ro\/wp-content\/uploads\/2023\/04\/produse-nd-quinoa-1024x256.jpg\" class=\"attachment-large size-large wp-image-9443\" alt=\"\" srcset=\"https:\/\/www.petfactory.ro\/wp-content\/uploads\/2023\/04\/produse-nd-quinoa-1024x256.jpg 1024w, https:\/\/www.petfactory.ro\/wp-content\/uploads\/2023\/04\/produse-nd-quinoa-300x75.jpg 300w, https:\/\/www.petfactory.ro\/wp-content\/uploads\/2023\/04\/produse-nd-quinoa-768x192.jpg 768w, https:\/\/www.petfactory.ro\/wp-content\/uploads\/2023\/04\/produse-nd-quinoa-1536x384.jpg 1536w, https:\/\/www.petfactory.ro\/wp-content\/uploads\/2023\/04\/produse-nd-quinoa.jpg 2000w\" sizes=\"(max-width: 1024px) 100vw, 1024px\" \/>\t\t\t\t\t\t\t\t\t\t\t\t\t\t\t<\/div>\n\t\t\t\t<\/div>\n\t\t\t\t<div class=\"elementor-element elementor-element-1cb5a86 elementor-widget elementor-widget-spacer\" data-id=\"1cb5a86\" data-element_type=\"widget\" data-widget_type=\"spacer.default\">\n\t\t\t\t<div class=\"elementor-widget-container\">\n\t\t\t\t\t\t\t<div class=\"elementor-spacer\">\n\t\t\t<div class=\"elementor-spacer-inner\"><\/div>\n\t\t<\/div>\n\t\t\t\t\t\t<\/div>\n\t\t\t\t<\/div>\n\t\t\t\t<div class=\"elementor-element elementor-element-f64beb8 align-center icon-default elementor-widget elementor-widget-mae-text-box\" data-id=\"f64beb8\" data-element_type=\"widget\" data-widget_type=\"mae-text-box.default\">\n\t\t\t\t<div class=\"elementor-widget-container\">\n\t\t\t\t\t\n\t\t<div class=\"master-text-box\">\n\t\t\t<h3 class=\"title\">\n\t\t\t\t\t\t\t\t\t<span class=\"icon-wrap\">\n\t\t\t\t        <i aria-hidden=\"true\" class=\"ci-tick\"><\/i>\t\t\t        <\/span> \n\t\t\t\t\n\t\t\t\tN&D Ocean - hran\u0103 hyper premium cu pe\u0219te\t\t\t<\/h3>\n\t        \n\t        <div class=\"text\">Con\u021bine 98% proteine de origine animal\u0103 de cea mai \u00eenalt\u0103 calitate. Index glicemic sc\u0103zut. Numai antioxidan\u021bi naturali. F\u0103r\u0103 OMG (Organisme Modificate Genetic). Ambalate \u00een atmosfer\u0103 controlat\u0103. Bogate \u00een vitamine.<\/div>\t    <\/div>\n\n\t    \t\t\t\t<\/div>\n\t\t\t\t<\/div>\n\t\t\t\t<div class=\"elementor-element elementor-element-c402a7a elementor-widget elementor-widget-spacer\" data-id=\"c402a7a\" data-element_type=\"widget\" data-widget_type=\"spacer.default\">\n\t\t\t\t<div class=\"elementor-widget-container\">\n\t\t\t\t\t\t\t<div class=\"elementor-spacer\">\n\t\t\t<div class=\"elementor-spacer-inner\"><\/div>\n\t\t<\/div>\n\t\t\t\t\t\t<\/div>\n\t\t\t\t<\/div>\n\t\t\t\t<div class=\"elementor-element elementor-element-8ea4dd4 elementor-widget elementor-widget-image\" data-id=\"8ea4dd4\" data-element_type=\"widget\" data-widget_type=\"image.default\">\n\t\t\t\t<div class=\"elementor-widget-container\">\n\t\t\t\t\t\t\t\t\t\t\t\t\t\t\t<img loading=\"lazy\" decoding=\"async\" width=\"1024\" height=\"256\" src=\"https:\/\/www.petfactory.ro\/wp-content\/uploads\/2023\/04\/produse-nd-ocean-1024x256.jpg\" class=\"attachment-large size-large wp-image-9444\" alt=\"\" srcset=\"https:\/\/www.petfactory.ro\/wp-content\/uploads\/2023\/04\/produse-nd-ocean-1024x256.jpg 1024w, https:\/\/www.petfactory.ro\/wp-content\/uploads\/2023\/04\/produse-nd-ocean-300x75.jpg 300w, https:\/\/www.petfactory.ro\/wp-content\/uploads\/2023\/04\/produse-nd-ocean-768x192.jpg 768w, https:\/\/www.petfactory.ro\/wp-content\/uploads\/2023\/04\/produse-nd-ocean-1536x384.jpg 1536w, https:\/\/www.petfactory.ro\/wp-content\/uploads\/2023\/04\/produse-nd-ocean.jpg 2000w\" sizes=\"(max-width: 1024px) 100vw, 1024px\" \/>\t\t\t\t\t\t\t\t\t\t\t\t\t\t\t<\/div>\n\t\t\t\t<\/div>\n\t\t\t\t<div class=\"elementor-element elementor-element-d4774fc elementor-widget elementor-widget-spacer\" data-id=\"d4774fc\" data-element_type=\"widget\" data-widget_type=\"spacer.default\">\n\t\t\t\t<div class=\"elementor-widget-container\">\n\t\t\t\t\t\t\t<div class=\"elementor-spacer\">\n\t\t\t<div class=\"elementor-spacer-inner\"><\/div>\n\t\t<\/div>\n\t\t\t\t\t\t<\/div>\n\t\t\t\t<\/div>\n\t\t\t\t<div class=\"elementor-element elementor-element-e3f0864 align-center icon-default elementor-widget elementor-widget-mae-text-box\" data-id=\"e3f0864\" data-element_type=\"widget\" data-widget_type=\"mae-text-box.default\">\n\t\t\t\t<div class=\"elementor-widget-container\">\n\t\t\t\t\t\n\t\t<div class=\"master-text-box\">\n\t\t\t<h3 class=\"title\">\n\t\t\t\t\t\t\t\t\t<span class=\"icon-wrap\">\n\t\t\t\t        <i aria-hidden=\"true\" class=\"ci-tick\"><\/i>\t\t\t        <\/span> \n\t\t\t\t\n\t\t\t\tN&D Ancestral Grain - hran\u0103 hyper premium cu cereale ancestrale\t\t\t<\/h3>\n\t        \n\t        <div class=\"text\">Con\u021bine peste 90% proteine de origine animal\u0103. Indice glicemic sc\u0103zut, ob\u021binut prin prezen\u021ba \u00een cantitate redus\u0103 a cerealelor ancestrale. Formulele permit eliberarea moderat\u0103 a energiei pe parcursul \u00eentregii zile. F\u0103r\u0103 OMG (Organisme Modificate Genetic). F\u0103r\u0103 gluten. Doar antioxidan\u021bi naturali, extracte bogate \u00een tocoferoli, ce permit conservarea natural\u0103 a produsului.<\/div>\t    <\/div>\n\n\t    \t\t\t\t<\/div>\n\t\t\t\t<\/div>\n\t\t\t\t<div class=\"elementor-element elementor-element-2f0fdbc elementor-widget elementor-widget-spacer\" data-id=\"2f0fdbc\" data-element_type=\"widget\" data-widget_type=\"spacer.default\">\n\t\t\t\t<div class=\"elementor-widget-container\">\n\t\t\t\t\t\t\t<div class=\"elementor-spacer\">\n\t\t\t<div class=\"elementor-spacer-inner\"><\/div>\n\t\t<\/div>\n\t\t\t\t\t\t<\/div>\n\t\t\t\t<\/div>\n\t\t\t\t<div class=\"elementor-element elementor-element-1c30d7d elementor-widget elementor-widget-image\" data-id=\"1c30d7d\" data-element_type=\"widget\" data-widget_type=\"image.default\">\n\t\t\t\t<div class=\"elementor-widget-container\">\n\t\t\t\t\t\t\t\t\t\t\t\t\t\t\t<img loading=\"lazy\" decoding=\"async\" width=\"1024\" height=\"256\" src=\"https:\/\/www.petfactory.ro\/wp-content\/uploads\/2023\/04\/produse-nd-ancestral-1024x256.jpg\" class=\"attachment-large size-large wp-image-9445\" alt=\"\" srcset=\"https:\/\/www.petfactory.ro\/wp-content\/uploads\/2023\/04\/produse-nd-ancestral-1024x256.jpg 1024w, https:\/\/www.petfactory.ro\/wp-content\/uploads\/2023\/04\/produse-nd-ancestral-300x75.jpg 300w, https:\/\/www.petfactory.ro\/wp-content\/uploads\/2023\/04\/produse-nd-ancestral-768x192.jpg 768w, https:\/\/www.petfactory.ro\/wp-content\/uploads\/2023\/04\/produse-nd-ancestral-1536x384.jpg 1536w, https:\/\/www.petfactory.ro\/wp-content\/uploads\/2023\/04\/produse-nd-ancestral.jpg 2000w\" sizes=\"(max-width: 1024px) 100vw, 1024px\" \/>\t\t\t\t\t\t\t\t\t\t\t\t\t\t\t<\/div>\n\t\t\t\t<\/div>\n\t\t\t\t<div class=\"elementor-element elementor-element-3c6b97e elementor-widget elementor-widget-spacer\" data-id=\"3c6b97e\" data-element_type=\"widget\" data-widget_type=\"spacer.default\">\n\t\t\t\t<div class=\"elementor-widget-container\">\n\t\t\t\t\t\t\t<div class=\"elementor-spacer\">\n\t\t\t<div class=\"elementor-spacer-inner\"><\/div>\n\t\t<\/div>\n\t\t\t\t\t\t<\/div>\n\t\t\t\t<\/div>\n\t\t\t\t\t<\/div>\n\t\t<\/div>\n\t\t\t\t\t<\/div>\n\t\t<\/section>\n\t\t\t\t\t<\/div>\n\t\t<\/div>\n\t\t\t\t\t<\/div>\n\t\t<\/section>\n\t\t\t\t<\/div>\n\t\t","protected":false},"excerpt":{"rendered":"<p>Scientifically formulated, in harmony with nature. Years of scientific research, in collaboration with the Department of Nutrition of the Federico II University of Naples, have led Farmina to create a nutrition system perfectly adapted to pets: Natural Delicious. Main feature &#8211; low glycemic index N&#038;D Prime &#8211; hran\u0103 hyper premium<\/p>\n","protected":false},"author":1,"featured_media":0,"parent":9439,"menu_order":0,"comment_status":"closed","ping_status":"closed","template":"","meta":{"inline_featured_image":false,"footnotes":""},"class_list":["post-9572","page","type-page","status-publish","hentry"],"_links":{"self":[{"href":"https:\/\/www.petfactory.ro\/en\/wp-json\/wp\/v2\/pages\/9572","targetHints":{"allow":["GET"]}}],"collection":[{"href":"https:\/\/www.petfactory.ro\/en\/wp-json\/wp\/v2\/pages"}],"about":[{"href":"https:\/\/www.petfactory.ro\/en\/wp-json\/wp\/v2\/types\/page"}],"author":[{"embeddable":true,"href":"https:\/\/www.petfactory.ro\/en\/wp-json\/wp\/v2\/users\/1"}],"replies":[{"embeddable":true,"href":"https:\/\/www.petfactory.ro\/en\/wp-json\/wp\/v2\/comments?post=9572"}],"version-history":[{"count":1,"href":"https:\/\/www.petfactory.ro\/en\/wp-json\/wp\/v2\/pages\/9572\/revisions"}],"predecessor-version":[{"id":9574,"href":"https:\/\/www.petfactory.ro\/en\/wp-json\/wp\/v2\/pages\/9572\/revisions\/9574"}],"up":[{"embeddable":true,"href":"https:\/\/www.petfactory.ro\/en\/wp-json\/wp\/v2\/pages\/9439"}],"wp:attachment":[{"href":"https:\/\/www.petfactory.ro\/en\/wp-json\/wp\/v2\/media?parent=9572"}],"curies":[{"name":"wp","href":"https:\/\/api.w.org\/{rel}","templated":true}]}}