{"id":9545,"date":"2023-04-27T11:47:31","date_gmt":"2023-04-27T11:47:31","guid":{"rendered":"https:\/\/www.petfactory.ro\/brands\/mera\/exklusiv\/"},"modified":"2025-09-10T11:31:31","modified_gmt":"2025-09-10T11:31:31","slug":"exklusiv","status":"publish","type":"page","link":"https:\/\/www.petfactory.ro\/en\/brands\/mera\/exklusiv\/","title":{"rendered":"EXKLUSIV"},"content":{"rendered":"\t\t<div data-elementor-type=\"wp-page\" data-elementor-id=\"9545\" class=\"elementor elementor-9545 elementor-6205\">\n\t\t\t\t\t\t<section class=\"elementor-section elementor-top-section elementor-element elementor-element-2d20a31 elementor-section-boxed elementor-section-height-default elementor-section-height-default\" data-id=\"2d20a31\" data-element_type=\"section\">\n\t\t\t\t\t\t<div class=\"elementor-container elementor-column-gap-default\">\n\t\t\t\t\t<div class=\"elementor-column elementor-col-100 elementor-top-column elementor-element elementor-element-e2d5476\" data-id=\"e2d5476\" data-element_type=\"column\">\n\t\t\t<div class=\"elementor-widget-wrap elementor-element-populated\">\n\t\t\t\t\t\t<section class=\"elementor-section elementor-inner-section elementor-element elementor-element-2a21739 elementor-section-content-middle elementor-section-boxed elementor-section-height-default elementor-section-height-default\" data-id=\"2a21739\" data-element_type=\"section\">\n\t\t\t\t\t\t<div class=\"elementor-container elementor-column-gap-default\">\n\t\t\t\t\t<div class=\"elementor-column elementor-col-33 elementor-inner-column elementor-element elementor-element-3639324\" data-id=\"3639324\" data-element_type=\"column\">\n\t\t\t<div class=\"elementor-widget-wrap elementor-element-populated\">\n\t\t\t\t\t\t<div class=\"elementor-element elementor-element-bf26923 elementor-widget elementor-widget-image\" data-id=\"bf26923\" data-element_type=\"widget\" data-widget_type=\"image.default\">\n\t\t\t\t<div class=\"elementor-widget-container\">\n\t\t\t\t\t\t\t\t\t\t\t\t\t\t\t<img fetchpriority=\"high\" decoding=\"async\" width=\"750\" height=\"750\" src=\"https:\/\/www.petfactory.ro\/wp-content\/uploads\/2023\/04\/logo-exklusiv-1.png\" class=\"attachment-large size-large wp-image-9547\" alt=\"\" srcset=\"https:\/\/www.petfactory.ro\/wp-content\/uploads\/2023\/04\/logo-exklusiv-1.png 750w, https:\/\/www.petfactory.ro\/wp-content\/uploads\/2023\/04\/logo-exklusiv-1-300x300.png 300w, https:\/\/www.petfactory.ro\/wp-content\/uploads\/2023\/04\/logo-exklusiv-1-150x150.png 150w, https:\/\/www.petfactory.ro\/wp-content\/uploads\/2023\/04\/logo-exklusiv-1-370x370.png 370w, https:\/\/www.petfactory.ro\/wp-content\/uploads\/2023\/04\/logo-exklusiv-1-60x60.png 60w\" sizes=\"(max-width: 750px) 100vw, 750px\" \/>\t\t\t\t\t\t\t\t\t\t\t\t\t\t\t<\/div>\n\t\t\t\t<\/div>\n\t\t\t\t\t<\/div>\n\t\t<\/div>\n\t\t\t\t<div class=\"elementor-column elementor-col-66 elementor-inner-column elementor-element elementor-element-6022715\" data-id=\"6022715\" data-element_type=\"column\">\n\t\t\t<div class=\"elementor-widget-wrap elementor-element-populated\">\n\t\t\t\t\t\t<div class=\"elementor-element elementor-element-c0bf7af elementor-widget elementor-widget-heading\" data-id=\"c0bf7af\" data-element_type=\"widget\" data-widget_type=\"heading.default\">\n\t\t\t\t<div class=\"elementor-widget-container\">\n\t\t\t\t\t<h2 class=\"elementor-heading-title elementor-size-default\">Professional nutrition for dogs and cats.<\/h2>\t\t\t\t<\/div>\n\t\t\t\t<\/div>\n\t\t\t\t<div class=\"elementor-element elementor-element-b07dbf6 elementor-widget elementor-widget-spacer\" data-id=\"b07dbf6\" data-element_type=\"widget\" data-widget_type=\"spacer.default\">\n\t\t\t\t<div class=\"elementor-widget-container\">\n\t\t\t\t\t\t\t<div class=\"elementor-spacer\">\n\t\t\t<div class=\"elementor-spacer-inner\"><\/div>\n\t\t<\/div>\n\t\t\t\t\t\t<\/div>\n\t\t\t\t<\/div>\n\t\t\t\t<div class=\"elementor-element elementor-element-711e25a elementor-widget elementor-widget-text-editor\" data-id=\"711e25a\" data-element_type=\"widget\" data-widget_type=\"text-editor.default\">\n\t\t\t\t<div class=\"elementor-widget-container\">\n\t\t\t\t\t\t\t\t\t<p><strong>Exklusiv<\/strong> represents high-quality food for breeders at a very attractive price. The range includes products adapted to each stage of life, for different activity levels, and for pets with digestive sensitivities. <\/p>\t\t\t\t\t\t\t\t<\/div>\n\t\t\t\t<\/div>\n\t\t\t\t\t<\/div>\n\t\t<\/div>\n\t\t\t\t\t<\/div>\n\t\t<\/section>\n\t\t\t\t<div class=\"elementor-element elementor-element-06762d2 elementor-widget elementor-widget-spacer\" data-id=\"06762d2\" data-element_type=\"widget\" data-widget_type=\"spacer.default\">\n\t\t\t\t<div class=\"elementor-widget-container\">\n\t\t\t\t\t\t\t<div class=\"elementor-spacer\">\n\t\t\t<div class=\"elementor-spacer-inner\"><\/div>\n\t\t<\/div>\n\t\t\t\t\t\t<\/div>\n\t\t\t\t<\/div>\n\t\t\t\t<div class=\"elementor-element elementor-element-296afa3 elementor-widget-divider--view-line elementor-widget elementor-widget-divider\" data-id=\"296afa3\" data-element_type=\"widget\" data-widget_type=\"divider.default\">\n\t\t\t\t<div class=\"elementor-widget-container\">\n\t\t\t\t\t\t\t<div class=\"elementor-divider\">\n\t\t\t<span class=\"elementor-divider-separator\">\n\t\t\t\t\t\t<\/span>\n\t\t<\/div>\n\t\t\t\t\t\t<\/div>\n\t\t\t\t<\/div>\n\t\t\t\t\t<\/div>\n\t\t<\/div>\n\t\t\t\t\t<\/div>\n\t\t<\/section>\n\t\t\t\t<section class=\"elementor-section elementor-top-section elementor-element elementor-element-f7cf892 elementor-section-boxed elementor-section-height-default elementor-section-height-default\" data-id=\"f7cf892\" data-element_type=\"section\">\n\t\t\t\t\t\t<div class=\"elementor-container elementor-column-gap-default\">\n\t\t\t\t\t<div class=\"elementor-column elementor-col-100 elementor-top-column elementor-element elementor-element-74f43ed\" data-id=\"74f43ed\" data-element_type=\"column\">\n\t\t\t<div class=\"elementor-widget-wrap elementor-element-populated\">\n\t\t\t\t\t\t<div class=\"elementor-element elementor-element-27808b6 elementor-widget elementor-widget-spacer\" data-id=\"27808b6\" data-element_type=\"widget\" data-widget_type=\"spacer.default\">\n\t\t\t\t<div class=\"elementor-widget-container\">\n\t\t\t\t\t\t\t<div class=\"elementor-spacer\">\n\t\t\t<div class=\"elementor-spacer-inner\"><\/div>\n\t\t<\/div>\n\t\t\t\t\t\t<\/div>\n\t\t\t\t<\/div>\n\t\t\t\t<div class=\"elementor-element elementor-element-dbd7ef5 elementor-widget elementor-widget-heading\" data-id=\"dbd7ef5\" data-element_type=\"widget\" data-widget_type=\"heading.default\">\n\t\t\t\t<div class=\"elementor-widget-container\">\n\t\t\t\t\t<h2 class=\"elementor-heading-title elementor-size-default\">Food for breeders<\/h2>\t\t\t\t<\/div>\n\t\t\t\t<\/div>\n\t\t\t\t<div class=\"elementor-element elementor-element-f597716 elementor-widget elementor-widget-spacer\" data-id=\"f597716\" data-element_type=\"widget\" data-widget_type=\"spacer.default\">\n\t\t\t\t<div class=\"elementor-widget-container\">\n\t\t\t\t\t\t\t<div class=\"elementor-spacer\">\n\t\t\t<div class=\"elementor-spacer-inner\"><\/div>\n\t\t<\/div>\n\t\t\t\t\t\t<\/div>\n\t\t\t\t<\/div>\n\t\t\t\t<section class=\"elementor-section elementor-inner-section elementor-element elementor-element-355057d elementor-section-boxed elementor-section-height-default elementor-section-height-default\" data-id=\"355057d\" data-element_type=\"section\">\n\t\t\t\t\t\t<div class=\"elementor-container elementor-column-gap-default\">\n\t\t\t\t\t<div class=\"elementor-column elementor-col-100 elementor-inner-column elementor-element elementor-element-e930310\" data-id=\"e930310\" data-element_type=\"column\">\n\t\t\t<div class=\"elementor-widget-wrap elementor-element-populated\">\n\t\t\t\t\t\t<div class=\"elementor-element elementor-element-9b87d2e align-center icon-default elementor-widget elementor-widget-mae-text-box\" data-id=\"9b87d2e\" data-element_type=\"widget\" data-widget_type=\"mae-text-box.default\">\n\t\t\t\t<div class=\"elementor-widget-container\">\n\t\t\t\t\t\n\t\t<div class=\"master-text-box\">\n\t\t\t<h3 class=\"title\">\n\t\t\t\t\t\t\t\t\t<span class=\"icon-wrap\">\n\t\t\t\t        <i aria-hidden=\"true\" class=\"ci-tick\"><\/i>\t\t\t        <\/span> \n\t\t\t\t\n\t\t\t\tExklusiv sensitive\t\t\t<\/h3>\n\t        \n\t        <div class=\"text\">Produsele <strong>Exklusiv Sensitive<\/strong> ofer\u0103 c\u00e2inilor cu sensibilit\u0103\u021bi o diet\u0103 echilibrat\u0103. Deoarece re\u021betele con\u021bin o singur\u0103 surs\u0103 de proteine (monoprotein\u0103) \u0219i o singur\u0103 surs\u0103 de carbohidra\u021bi, posibilitatea apari\u021biei alergiilor \u0219i intoleran\u021belor alimentare este redus\u0103 la minim.\n<br><br>\nO surs\u0103 de energie bine echilibrat\u0103, bazat\u0103 pe nevoile individuale ale fiecarei talii, este deosebit de important\u0103 atunci c\u00e2nd vine vorba de hr\u0103nirea c\u00e2inilor \u00een cre\u0219tere. <strong>mera<\/strong> a dezvoltat un concept \u00een dou\u0103 faze, care \u021bine cont de nevoile \u00een schimbare ale c\u00e2inilor tineri pe parcursul \u00eentregii faze de cre\u0219tere. Acest lucru asigur\u0103 c\u0103 to\u021bi c\u0103\u021beii, indiferent de dimensiune, sunt hr\u0103ni\u021bi \u00een func\u021bie de nevoile lor \u0219i primesc cantitatea ideal\u0103 de nutrien\u021bi.\n<br><br>\nRasele mici \u0219i medii pot m\u00e2nca <strong>mera Exklusiv Sensitive Puppy<\/strong> p\u00e2n\u0103 la maturitate, \u00een func\u021bie de talia acestora (de la aproximativ 8 luni, pentru Teckel pitic, p\u00e2n\u0103 la 14 luni, pentru Labrador Retriever).\n<br><br>\nRasele mari \u0219i gigant, cu o greutate la maturitate de peste 40 kilograme, ar trebui s\u0103 treac\u0103 la <strong>mera Exklusiv Sensitive Junior<\/strong> \u00eencep\u00e2nd cu v\u00e2rsta de 6 luni pentru a evita eventuale defecte de cre\u0219tere, care pot ap\u0103rea din cauza unei surplus de energie. Aceste rase pot fi hr\u0103nite cu <strong>mera Exklusiv Sensitive Junior<\/strong> p\u00e2n\u0103 la varsta de 18 luni (Great Dane).<\/div>\t    <\/div>\n\n\t    \t\t\t\t<\/div>\n\t\t\t\t<\/div>\n\t\t\t\t<div class=\"elementor-element elementor-element-348c11a elementor-widget elementor-widget-spacer\" data-id=\"348c11a\" data-element_type=\"widget\" data-widget_type=\"spacer.default\">\n\t\t\t\t<div class=\"elementor-widget-container\">\n\t\t\t\t\t\t\t<div class=\"elementor-spacer\">\n\t\t\t<div class=\"elementor-spacer-inner\"><\/div>\n\t\t<\/div>\n\t\t\t\t\t\t<\/div>\n\t\t\t\t<\/div>\n\t\t\t\t<div class=\"elementor-element elementor-element-0b0ba67 elementor-widget elementor-widget-image\" data-id=\"0b0ba67\" data-element_type=\"widget\" data-widget_type=\"image.default\">\n\t\t\t\t<div class=\"elementor-widget-container\">\n\t\t\t\t\t\t\t\t\t\t\t\t\t\t\t<img decoding=\"async\" width=\"1024\" height=\"256\" src=\"https:\/\/www.petfactory.ro\/wp-content\/uploads\/2023\/04\/produse-exklusiv-1024x256.jpg\" class=\"attachment-large size-large wp-image-9340\" alt=\"\" srcset=\"https:\/\/www.petfactory.ro\/wp-content\/uploads\/2023\/04\/produse-exklusiv-1024x256.jpg 1024w, https:\/\/www.petfactory.ro\/wp-content\/uploads\/2023\/04\/produse-exklusiv-300x75.jpg 300w, https:\/\/www.petfactory.ro\/wp-content\/uploads\/2023\/04\/produse-exklusiv-768x192.jpg 768w, https:\/\/www.petfactory.ro\/wp-content\/uploads\/2023\/04\/produse-exklusiv-1536x384.jpg 1536w, https:\/\/www.petfactory.ro\/wp-content\/uploads\/2023\/04\/produse-exklusiv.jpg 2000w\" sizes=\"(max-width: 1024px) 100vw, 1024px\" \/>\t\t\t\t\t\t\t\t\t\t\t\t\t\t\t<\/div>\n\t\t\t\t<\/div>\n\t\t\t\t<div class=\"elementor-element elementor-element-dc2ec6a elementor-widget elementor-widget-spacer\" data-id=\"dc2ec6a\" data-element_type=\"widget\" data-widget_type=\"spacer.default\">\n\t\t\t\t<div class=\"elementor-widget-container\">\n\t\t\t\t\t\t\t<div class=\"elementor-spacer\">\n\t\t\t<div class=\"elementor-spacer-inner\"><\/div>\n\t\t<\/div>\n\t\t\t\t\t\t<\/div>\n\t\t\t\t<\/div>\n\t\t\t\t\t<\/div>\n\t\t<\/div>\n\t\t\t\t\t<\/div>\n\t\t<\/section>\n\t\t\t\t\t<\/div>\n\t\t<\/div>\n\t\t\t\t\t<\/div>\n\t\t<\/section>\n\t\t\t\t<\/div>\n\t\t","protected":false},"excerpt":{"rendered":"<p>Professional nutrition for dogs and cats. Exklusiv represents high-quality food for breeders at a very attractive price. The range includes products adapted to each stage of life, for different activity levels, and for pets with digestive sensitivities. Food for breeders Exklusiv sensitive Produsele Exklusiv Sensitive ofer\u0103 c\u00e2inilor cu sensibilit\u0103\u021bi o<\/p>\n","protected":false},"author":1,"featured_media":0,"parent":9359,"menu_order":0,"comment_status":"closed","ping_status":"closed","template":"","meta":{"inline_featured_image":false,"footnotes":""},"class_list":["post-9545","page","type-page","status-publish","hentry"],"_links":{"self":[{"href":"https:\/\/www.petfactory.ro\/en\/wp-json\/wp\/v2\/pages\/9545","targetHints":{"allow":["GET"]}}],"collection":[{"href":"https:\/\/www.petfactory.ro\/en\/wp-json\/wp\/v2\/pages"}],"about":[{"href":"https:\/\/www.petfactory.ro\/en\/wp-json\/wp\/v2\/types\/page"}],"author":[{"embeddable":true,"href":"https:\/\/www.petfactory.ro\/en\/wp-json\/wp\/v2\/users\/1"}],"replies":[{"embeddable":true,"href":"https:\/\/www.petfactory.ro\/en\/wp-json\/wp\/v2\/comments?post=9545"}],"version-history":[{"count":1,"href":"https:\/\/www.petfactory.ro\/en\/wp-json\/wp\/v2\/pages\/9545\/revisions"}],"predecessor-version":[{"id":9563,"href":"https:\/\/www.petfactory.ro\/en\/wp-json\/wp\/v2\/pages\/9545\/revisions\/9563"}],"up":[{"embeddable":true,"href":"https:\/\/www.petfactory.ro\/en\/wp-json\/wp\/v2\/pages\/9359"}],"wp:attachment":[{"href":"https:\/\/www.petfactory.ro\/en\/wp-json\/wp\/v2\/media?parent=9545"}],"curies":[{"name":"wp","href":"https:\/\/api.w.org\/{rel}","templated":true}]}}