{"id":9342,"date":"2022-05-18T14:42:02","date_gmt":"2022-05-18T14:42:02","guid":{"rendered":"https:\/\/www.petfactory.ro\/news\/"},"modified":"2025-09-10T11:30:44","modified_gmt":"2025-09-10T11:30:44","slug":"news","status":"publish","type":"page","link":"https:\/\/www.petfactory.ro\/en\/news\/","title":{"rendered":"News"},"content":{"rendered":"\t\t<div data-elementor-type=\"wp-page\" data-elementor-id=\"9342\" class=\"elementor elementor-9342 elementor-4458\">\n\t\t\t\t\t\t<section class=\"elementor-section elementor-top-section elementor-element elementor-element-ea1ad0a elementor-section-boxed elementor-section-height-default elementor-section-height-default\" data-id=\"ea1ad0a\" data-element_type=\"section\">\n\t\t\t\t\t\t<div class=\"elementor-container elementor-column-gap-default\">\n\t\t\t\t\t<div class=\"elementor-column elementor-col-100 elementor-top-column elementor-element elementor-element-25f4506\" data-id=\"25f4506\" data-element_type=\"column\">\n\t\t\t<div class=\"elementor-widget-wrap elementor-element-populated\">\n\t\t\t\t\t\t<div class=\"elementor-element elementor-element-4936ae3 elementor-widget elementor-widget-spacer\" data-id=\"4936ae3\" data-element_type=\"widget\" data-widget_type=\"spacer.default\">\n\t\t\t\t<div class=\"elementor-widget-container\">\n\t\t\t\t\t\t\t<div class=\"elementor-spacer\">\n\t\t\t<div class=\"elementor-spacer-inner\"><\/div>\n\t\t<\/div>\n\t\t\t\t\t\t<\/div>\n\t\t\t\t<\/div>\n\t\t\t\t<div class=\"elementor-element elementor-element-3cb5643 news-style-1 elementor-widget elementor-widget-mae-news-grid\" data-id=\"3cb5643\" data-element_type=\"widget\" data-widget_type=\"mae-news-grid.default\">\n\t\t\t\t<div class=\"elementor-widget-container\">\n\t\t\t\t\t\n        <div class=\"master-portfolio news-style-1\" data-config='{\"columns\":3,\"columnsTablet\":2,\"columnsMobile\":1,\"gapHorizontal\":30,\"gapVertical\":30,\"layoutMode\":\"grid\"}'>\n            <div class=\"galleries cbp\">\n                                    \n                        <div class=\"master-news cbp-item\">\n                            <div class=\"image-wrap\"><a class=\"thumb\" href=\"https:\/\/www.petfactory.ro\/en\/statement-of-commitment-to-sustainability-and-social-responsibility\/\" aria-label=\"Statement of Commitment to Sustainability and Social Responsibility\"><span class=\"inner\"><img fetchpriority=\"high\" decoding=\"async\" width=\"370\" height=\"250\" src=\"https:\/\/www.petfactory.ro\/wp-content\/uploads\/2025\/09\/Gemini_Generated_Image_lq3i59lq3i59lq3i-370x250.png\" class=\"attachment-mae-std2 size-mae-std2 wp-post-image\" alt=\"Sustainability\" \/><\/span><\/a><span class=\"post-date trapezoid\">09 Sep<\/span><\/div><div class=\"content-wrap\"><div class=\"post-meta\"><span class=\"post-by-author item\"><span class=\"prefix\">by<\/span> \n                    <a class=\"name\" href=\"https:\/\/www.petfactory.ro\/en\/author\/petfactory\/\" title=\"View all posts by petfactory\">petfactory<\/a>\n                <\/span><span class=\"meta-sep\">\/<\/span><span class=\"post-comment item\"><span class=\"inner\"><a href=\"https:\/\/www.petfactory.ro\/en\/statement-of-commitment-to-sustainability-and-social-responsibility\/#respond\">0 Comments<\/a><\/span><\/span><\/div><h3 class=\"headline-2\"><a href=\"https:\/\/www.petfactory.ro\/en\/statement-of-commitment-to-sustainability-and-social-responsibility\/\">Statement of Commitment to Sustainability and Social Responsibility<\/a><\/h3><div class=\"desc\">Pet Factory is committed to conducting its business in accordance with internationally<\/div>            <div class=\"url-wrap\">\n                <a class=\"master-button small btn-accent icon-right btn-hover-2\" href=\"https:\/\/www.petfactory.ro\/en\/statement-of-commitment-to-sustainability-and-social-responsibility\/\">\n                    <span class=\"inner\">\n                        <span class=\"content-base\">\n                                                        <span class=\"text\">Cite\u0219te mai mult<\/span>\n                            <span class=\"icon \"><\/span>                        <\/span>\n\n                        <span class=\"content-hover\">\n                                                        <span class=\"text\">Cite\u0219te mai mult<\/span>\n                            <span class=\"icon \"><\/span>                        <\/span>\n                    <\/span>\n\n                    <span class=\"bg-hover\"><\/span>                <\/a>\n            <\/div>\n\n            <\/div>                        <\/div>\n                                <\/div><!-- galleries -->\n        <\/div><!-- master-portfolio -->\n        \t\t\t\t<\/div>\n\t\t\t\t<\/div>\n\t\t\t\t<div class=\"elementor-element elementor-element-83b5462 elementor-widget elementor-widget-spacer\" data-id=\"83b5462\" data-element_type=\"widget\" data-widget_type=\"spacer.default\">\n\t\t\t\t<div class=\"elementor-widget-container\">\n\t\t\t\t\t\t\t<div class=\"elementor-spacer\">\n\t\t\t<div class=\"elementor-spacer-inner\"><\/div>\n\t\t<\/div>\n\t\t\t\t\t\t<\/div>\n\t\t\t\t<\/div>\n\t\t\t\t\t<\/div>\n\t\t<\/div>\n\t\t\t\t\t<\/div>\n\t\t<\/section>\n\t\t\t\t<\/div>\n\t\t","protected":false},"excerpt":{"rendered":"<p>08 aug.by petfactory \/0 Comments mera CARE &#8211; Hran\u0103 Premium Produs\u0103 \u00een Germania CARE este o hran\u0103 uscat\u0103 premium produs\u0103 \u00een Germania pentru c\u00e2inii de Cite\u0219te mai mult Cite\u0219te mai mult 07 aug.by petfactory \/0 Comments Suplimente Nutritive K9 POWER K9 Power este o companie american\u0103 inovatoare \u00een nutri\u021bia animalelor<\/p>\n","protected":false},"author":1,"featured_media":0,"parent":0,"menu_order":0,"comment_status":"closed","ping_status":"closed","template":"","meta":{"inline_featured_image":false,"footnotes":""},"class_list":["post-9342","page","type-page","status-publish","hentry"],"_links":{"self":[{"href":"https:\/\/www.petfactory.ro\/en\/wp-json\/wp\/v2\/pages\/9342","targetHints":{"allow":["GET"]}}],"collection":[{"href":"https:\/\/www.petfactory.ro\/en\/wp-json\/wp\/v2\/pages"}],"about":[{"href":"https:\/\/www.petfactory.ro\/en\/wp-json\/wp\/v2\/types\/page"}],"author":[{"embeddable":true,"href":"https:\/\/www.petfactory.ro\/en\/wp-json\/wp\/v2\/users\/1"}],"replies":[{"embeddable":true,"href":"https:\/\/www.petfactory.ro\/en\/wp-json\/wp\/v2\/comments?post=9342"}],"version-history":[{"count":1,"href":"https:\/\/www.petfactory.ro\/en\/wp-json\/wp\/v2\/pages\/9342\/revisions"}],"predecessor-version":[{"id":9343,"href":"https:\/\/www.petfactory.ro\/en\/wp-json\/wp\/v2\/pages\/9342\/revisions\/9343"}],"wp:attachment":[{"href":"https:\/\/www.petfactory.ro\/en\/wp-json\/wp\/v2\/media?parent=9342"}],"curies":[{"name":"wp","href":"https:\/\/api.w.org\/{rel}","templated":true}]}}